{"id":150,"date":"2011-06-30T21:30:18","date_gmt":"2011-06-30T19:30:18","guid":{"rendered":"https:\/\/www.boettrich.info\/?page_id=150"},"modified":"2021-09-29T17:31:25","modified_gmt":"2021-09-29T15:31:25","slug":"startseite","status":"publish","type":"page","link":"https:\/\/www.boettrich.info\/blog\/startseite\/","title":{"rendered":"\u00dcber"},"content":{"rendered":"<p>Hallo und willkommen auf meinem Blog.<\/p>\n<p>Ich hei\u00dfe Alexander &#8211; viele gebrauchen die Kurzform Alex oder xandi &#8211; und ich habe aus Spa\u00df an der Freude diesen Blog in&#8217;s Leben gerufen. Dieser war urspr\u00fcnglich ein Testobjekt f\u00fcr Webseitenbau, Apache, ESXi, Firewalls und Loadbalancer, Webanalysewerkzeuge und ein wenig, um ein paar Dinge aufzuschreiben, die ich nicht st\u00e4ndig wieder suchen wollte.\u00a0<\/p>\n<p>Daher sehen einige Artikel auch eher aus wie unstrukturierte Linksammlungen denn vern\u00fcnftige Beitr\u00e4ge &#8211; ich habe Hoffnung, diese Beitr\u00e4ge in anst\u00e4ndige und ausformulierte Texte zu wandeln &#8230; bei Gelegenheit&#8230; zeitnah &#8230;.\u00a0<\/p>\n<p>Die technischen Wirrungen und Themen sind dargestellt ohne Gew\u00e4hr und Anspruch auf Vollst\u00e4ndigkeit. Obwohl die hier geschriebenen Artikel nach bestem Wissen und Gewissen entstanden sind und in aller Regel auch so funktionieren, sind sie unter Umst\u00e4nden in einem gr\u00f6\u00dferen Kontext zu sehen und m\u00fcssen daher nicht immer so funktionieren. Auch besteht die Gefahr, dass die hier geschriebenen Themen veraltet sind und nicht mehr Stand der Technik darstellen.\u00a0 \u00a0\u00a0<\/p>\n<p>Von wegen testen: Diese Seite benutzt ein Analysewerkzeug <em>\u00e4hnlich<\/em> Google Analytics\u00a0 &#8211; und zwar Matomo -(https:\/\/matomo.org). Jedoch bleiben die von Matomo erhobenen Daten auf meinem System &#8211; im Keller &#8211; und werden nicht zu Google \u00fcbertragen. Wer gegen die Verwendung dieses Werkzeugs ist m\u00f6ge seinen Browser z\u00fcgig auf andere Webangebote dirigieren :-) &#8211; man lese hierzu bitte <a title=\"Datenschutz\" href=\"https:\/\/www.boettrich.info\/blog\/datenschutz\/\">diesen Eintrag<\/a>.<\/p>\n<p>Jetzt steht im Webseitentitel was von YaWPs &#8211; was is&#8217;n des ? was bedeutet das ?<br \/>Ehrlicherweise frage ich mich das aktuell auch, da die \u00dcberlegungen dazu inzwischen um die 12 Jahre her sind&#8230; Ich bin nicht sicher, was mein Past-Self damals damit ausdr\u00fccken wollte &#8211; aber ich meine es sollte hei\u00dfen: &#8222;Yet another Word Press Site&#8220;&#8230; Dazu w\u00fcrde auch irgendwie diese Camel-Case Notation passen :-)<\/p>\n<p>Und wer oder was ist nun &#8222;Bepio Spezzagutti&#8220; ?<\/p>\n<p>Nun, Bepio Spezzagutti ist Gewinner eines stattlichen Lottgewinns, ein Gewinner der jedoch unerkannt bleiben wollte. Daher w\u00e4hlte dieser f\u00fcr seinen Lottoschein jenes Anagramm &#8211; ein Anagramm von Guiseppe Bottazzi. <br \/>Und jener welcher ist neben Don Camillo eine der Hauptfiguren in den gleichnamigen Spielfilmen mit Fernandel und B\u00fcrgermeister einer kleinen Stadt in Italien, in der eben Don Camillo der hiesige Herr Pfarrer ist. Nette Filme das, gucke ich heute noch gerne an&#8230; so wie die ebenfalls mit Italien verbundenen Herrschaften Carlo Pedersoli und Mario Girotti :-)\u00a0 &#8211; kennt man &#8230; vermutlich&#8230;<\/p>\n<p>So genug Prosa&#8230;\u00a0\u00a0<\/p>\n\n\n<p><\/p>\n","protected":false},"excerpt":{"rendered":"<p>Hallo und willkommen auf meinem Blog. Ich hei\u00dfe Alexander &#8211; viele gebrauchen die Kurzform Alex oder xandi &#8211; und ich habe aus Spa\u00df an der Freude diesen Blog in&#8217;s Leben gerufen. Dieser war urspr\u00fcnglich ein Testobjekt f\u00fcr Webseitenbau, Apache, ESXi, Firewalls und Loadbalancer, Webanalysewerkzeuge und ein wenig, um ein paar Dinge aufzuschreiben, die ich nicht&hellip;&nbsp;<a href=\"https:\/\/www.boettrich.info\/blog\/startseite\/\" rel=\"bookmark\">Weiterlesen &raquo;<span class=\"screen-reader-text\">\u00dcber<\/span><\/a><\/p>\n","protected":false},"author":1,"featured_media":0,"parent":0,"menu_order":0,"comment_status":"closed","ping_status":"open","template":"","meta":{"neve_meta_sidebar":"","neve_meta_container":"","neve_meta_enable_content_width":"","neve_meta_content_width":0,"neve_meta_title_alignment":"","neve_meta_author_avatar":"","neve_post_elements_order":"","neve_meta_disable_header":"","neve_meta_disable_footer":"","neve_meta_disable_title":"","footnotes":""},"class_list":["post-150","page","type-page","status-publish","hentry"],"_links":{"self":[{"href":"https:\/\/www.boettrich.info\/blog\/wp-json\/wp\/v2\/pages\/150","targetHints":{"allow":["GET"]}}],"collection":[{"href":"https:\/\/www.boettrich.info\/blog\/wp-json\/wp\/v2\/pages"}],"about":[{"href":"https:\/\/www.boettrich.info\/blog\/wp-json\/wp\/v2\/types\/page"}],"author":[{"embeddable":true,"href":"https:\/\/www.boettrich.info\/blog\/wp-json\/wp\/v2\/users\/1"}],"replies":[{"embeddable":true,"href":"https:\/\/www.boettrich.info\/blog\/wp-json\/wp\/v2\/comments?post=150"}],"version-history":[{"count":25,"href":"https:\/\/www.boettrich.info\/blog\/wp-json\/wp\/v2\/pages\/150\/revisions"}],"predecessor-version":[{"id":1449,"href":"https:\/\/www.boettrich.info\/blog\/wp-json\/wp\/v2\/pages\/150\/revisions\/1449"}],"wp:attachment":[{"href":"https:\/\/www.boettrich.info\/blog\/wp-json\/wp\/v2\/media?parent=150"}],"curies":[{"name":"wp","href":"https:\/\/api.w.org\/{rel}","templated":true}]}}